{"id":2326,"date":"2023-01-21T14:47:11","date_gmt":"2023-01-21T14:47:11","guid":{"rendered":"https:\/\/dentalcare.strongholdthemes.com\/dummydata\/demo1\/?page_id=2326"},"modified":"2025-06-27T18:56:10","modified_gmt":"2025-06-27T18:56:10","slug":"contact","status":"publish","type":"page","link":"https:\/\/ancor.com.tr\/en\/contact\/","title":{"rendered":"Contact"},"content":{"rendered":"\t\t<div data-elementor-type=\"wp-page\" data-elementor-id=\"2326\" class=\"elementor elementor-2326\" data-elementor-post-type=\"page\">\n\t\t\t\t\t\t<section class=\"elementor-section elementor-top-section elementor-element elementor-element-905b3bb elementor-section-boxed elementor-section-height-default elementor-section-height-default\" data-id=\"905b3bb\" data-element_type=\"section\" data-e-type=\"section\">\n\t\t\t\t\t\t<div class=\"elementor-container elementor-column-gap-default\">\n\t\t\t\t\t<div class=\"elementor-column elementor-col-100 elementor-top-column elementor-element elementor-element-059a487\" data-id=\"059a487\" data-element_type=\"column\" data-e-type=\"column\">\n\t\t\t<div class=\"elementor-widget-wrap elementor-element-populated\">\n\t\t\t\t\r\n\t\t<div class=\"elementor-element elementor-element-af8eaa3 elementor-widget elementor-widget-dental-care-heading\" data-id=\"af8eaa3\" data-element_type=\"widget\" data-e-type=\"widget\" data-widget_type=\"dental-care-heading.default\">\n\t\t\t\t<div class=\"elementor-widget-container\">\n\t\t\t\t\t<div class=\"stronghold-heading\"><div class=\"heading-subtitle\">We would love to hear from you<\/div><div class=\"heading-title\"><h3 class=\"heading-title-element\">Contact with us<\/h3><\/div><div class=\"heading-separator\"><span> <\/span><\/div><\/div>\t\t\t\t<\/div>\n\t\t\t\t<\/div>\n\t\t\t\t\t<\/div>\n\t\t<\/div>\n\t\t\t\t\t<\/div>\n\t\t<\/section>\n\t\t\t\t<section class=\"elementor-section elementor-top-section elementor-element elementor-element-6c8460a elementor-section-boxed elementor-section-height-default elementor-section-height-default\" data-id=\"6c8460a\" data-element_type=\"section\" data-e-type=\"section\">\n\t\t\t\t\t\t<div class=\"elementor-container elementor-column-gap-wide\">\n\t\t\t\t\t<div class=\"elementor-column elementor-col-25 elementor-top-column elementor-element elementor-element-b9eb85a\" data-id=\"b9eb85a\" data-element_type=\"column\" data-e-type=\"column\">\n\t\t\t<div class=\"elementor-widget-wrap elementor-element-populated\">\n\t\t\t\t\t\t<div class=\"elementor-element elementor-element-6482473 elementor-widget elementor-widget-dental-care-info-icon\" data-id=\"6482473\" data-element_type=\"widget\" data-e-type=\"widget\" data-widget_type=\"dental-care-info-icon.default\">\n\t\t\t\t<div class=\"elementor-widget-container\">\n\t\t\t\t\t<div class=\"stronghold-info-icon-wrapper\"><div class=\"stronghold-info-icon\"><div class=\"icon-wrapper\" style=\" margin: 0 auto;\"><i class=\"info-icon-element fas fa-map-marker-alt\" style=\" height: 64px !important; line-height: 64px !important; width: 64px !important; border-radius: 6px; padding: 0px !important; border-radius: 50%;\"><\/i><\/div><\/div><div class=\"stronghold-info-icon-content\"><div class=\"stronghold-info-icon-title\"><h4 class=\"stronghold-info-icon-title-element\">Adress<\/h4><\/div><div class=\"stronghold-info-icon-desc\"><p>Cumhuriyet Mah. Sakarya Cad. No:1\/52 Kat:6\n(Ali Nazmi \u0130\u015f Han\u0131) K\u0131z\u0131lay-\u00c7ankaya\/ANKARA <\/p><\/div><\/div><\/div>\t\t\t\t<\/div>\n\t\t\t\t<\/div>\n\t\t\t\t\t<\/div>\n\t\t<\/div>\n\t\t\t\t<div class=\"elementor-column elementor-col-25 elementor-top-column elementor-element elementor-element-43fd4d2\" data-id=\"43fd4d2\" data-element_type=\"column\" data-e-type=\"column\">\n\t\t\t<div class=\"elementor-widget-wrap elementor-element-populated\">\n\t\t\t\t\t\t<div class=\"elementor-element elementor-element-91af866 elementor-widget elementor-widget-dental-care-info-icon\" data-id=\"91af866\" data-element_type=\"widget\" data-e-type=\"widget\" data-widget_type=\"dental-care-info-icon.default\">\n\t\t\t\t<div class=\"elementor-widget-container\">\n\t\t\t\t\t<div class=\"stronghold-info-icon-wrapper\"><div class=\"stronghold-info-icon\"><div class=\"icon-wrapper\" style=\" margin: 0 auto;\"><i class=\"info-icon-element far fa-clock\" style=\" height: 64px !important; line-height: 64px !important; width: 64px !important; border-radius: 6px; padding: 0px !important; border-radius: 50%;\"><\/i><\/div><\/div><div class=\"stronghold-info-icon-content\"><div class=\"stronghold-info-icon-title\"><h4 class=\"stronghold-info-icon-title-element\">Working Hours<\/h4><\/div><div class=\"stronghold-info-icon-desc\"><p>Monday-Friday: 9:00-18:00\nSaturday : 9:00-14:00\n<br>\n\nSunday: Closed <\/p><\/div><\/div><\/div>\t\t\t\t<\/div>\n\t\t\t\t<\/div>\n\t\t\t\t\t<\/div>\n\t\t<\/div>\n\t\t\t\t<div class=\"elementor-column elementor-col-25 elementor-top-column elementor-element elementor-element-7c67ad3\" data-id=\"7c67ad3\" data-element_type=\"column\" data-e-type=\"column\">\n\t\t\t<div class=\"elementor-widget-wrap elementor-element-populated\">\n\t\t\t\t\t\t<div class=\"elementor-element elementor-element-562bbdf elementor-widget elementor-widget-dental-care-info-icon\" data-id=\"562bbdf\" data-element_type=\"widget\" data-e-type=\"widget\" data-widget_type=\"dental-care-info-icon.default\">\n\t\t\t\t<div class=\"elementor-widget-container\">\n\t\t\t\t\t<div class=\"stronghold-info-icon-wrapper\"><div class=\"stronghold-info-icon\"><div class=\"icon-wrapper\" style=\" margin: 0 auto;\"><i class=\"info-icon-element fas fa-phone-alt\" style=\" height: 64px !important; line-height: 64px !important; width: 64px !important; border-radius: 6px; padding: 0px !important; border-radius: 50%;\"><\/i><\/div><\/div><div class=\"stronghold-info-icon-content\"><div class=\"stronghold-info-icon-title\"><h4 class=\"stronghold-info-icon-title-element\">Phone<\/h4><\/div><div class=\"stronghold-info-icon-desc\"><p>+90 312 431 10 56\n<br>\n+90 532 131 80 03\n<br>\n+90 537 489 58 85 <\/p><\/div><\/div><\/div>\t\t\t\t<\/div>\n\t\t\t\t<\/div>\n\t\t\t\t\t<\/div>\n\t\t<\/div>\n\t\t\t\t<div class=\"elementor-column elementor-col-25 elementor-top-column elementor-element elementor-element-40c72cc\" data-id=\"40c72cc\" data-element_type=\"column\" data-e-type=\"column\">\n\t\t\t<div class=\"elementor-widget-wrap elementor-element-populated\">\n\t\t\t\t\t\t<div class=\"elementor-element elementor-element-d71da3a elementor-widget elementor-widget-dental-care-info-icon\" data-id=\"d71da3a\" data-element_type=\"widget\" data-e-type=\"widget\" data-widget_type=\"dental-care-info-icon.default\">\n\t\t\t\t<div class=\"elementor-widget-container\">\n\t\t\t\t\t<div class=\"stronghold-info-icon-wrapper\"><div class=\"stronghold-info-icon\"><div class=\"icon-wrapper\" style=\" margin: 0 auto;\"><i class=\"info-icon-element far fa-envelope\" style=\" height: 64px !important; line-height: 64px !important; width: 64px !important; border-radius: 6px; padding: 0px !important; border-radius: 50%;\"><\/i><\/div><\/div><div class=\"stronghold-info-icon-content\"><div class=\"stronghold-info-icon-title\"><h4 class=\"stronghold-info-icon-title-element\">E-mail<\/h4><\/div><div class=\"stronghold-info-icon-desc\"><p>info@ancor.com.tr <\/p><\/div><\/div><\/div>\t\t\t\t<\/div>\n\t\t\t\t<\/div>\n\t\t\t\t\t<\/div>\n\t\t<\/div>\n\t\t\t\t\t<\/div>\n\t\t<\/section>\n\t\t\t\t<section class=\"elementor-section elementor-top-section elementor-element elementor-element-2b0a4c6 elementor-section-boxed elementor-section-height-default elementor-section-height-default\" data-id=\"2b0a4c6\" data-element_type=\"section\" data-e-type=\"section\">\n\t\t\t\t\t\t<div class=\"elementor-container elementor-column-gap-wide\">\n\t\t\t\t\t<div class=\"elementor-column elementor-col-50 elementor-top-column elementor-element elementor-element-ef8ca65\" data-id=\"ef8ca65\" data-element_type=\"column\" data-e-type=\"column\">\n\t\t\t<div class=\"elementor-widget-wrap elementor-element-populated\">\n\t\t\t\t\t\t<div class=\"elementor-element elementor-element-0d168b9 elementor-widget elementor-widget-dental-care-heading\" data-id=\"0d168b9\" data-element_type=\"widget\" data-e-type=\"widget\" data-widget_type=\"dental-care-heading.default\">\n\t\t\t\t<div class=\"elementor-widget-container\">\n\t\t\t\t\t<div class=\"stronghold-heading\"><div class=\"heading-title\"><h3 class=\"heading-title-element\">Leave us a Message<\/h3><\/div><div class=\"heading-separator\"><span> <\/span><\/div><\/div>\t\t\t\t<\/div>\n\t\t\t\t<\/div>\n\t\t\t\t<div class=\"elementor-element elementor-element-5c60bb1 elementor-widget elementor-widget-wpforms\" data-id=\"5c60bb1\" data-element_type=\"widget\" data-e-type=\"widget\" data-widget_type=\"wpforms.default\">\n\t\t\t\t<div class=\"elementor-widget-container\">\n\t\t\t\t\t<div class=\"wpforms-container wpforms-container-full wpforms-render-modern\" id=\"wpforms-5055\"><form id=\"wpforms-form-5055\" class=\"wpforms-validate wpforms-form wpforms-ajax-form\" data-formid=\"5055\" method=\"post\" enctype=\"multipart\/form-data\" action=\"\/en\/wp-json\/wp\/v2\/pages\/2326\" data-token=\"588e9031f5d60b885ece92b51422a80e\" data-token-time=\"1777215923\"><noscript class=\"wpforms-error-noscript\">Please enable JavaScript in your browser to complete this form.<\/noscript><div id=\"wpforms-error-noscript\" style=\"display: none;\">Please enable JavaScript in your browser to complete this form.<\/div><div class=\"wpforms-field-container\">\t\t<div id=\"wpforms-5055-field_4-container\"\n\t\t\tclass=\"wpforms-field wpforms-field-text\"\n\t\t\tdata-field-type=\"text\"\n\t\t\tdata-field-id=\"4\"\n\t\t\t>\n\t\t\t<label class=\"wpforms-field-label\" for=\"wpforms-5055-field_4\" >or Message Name<\/label>\n\t\t\t<input type=\"text\" id=\"wpforms-5055-field_4\" class=\"wpforms-field-medium\" name=\"wpforms[fields][4]\" >\n\t\t<\/div>\n\t\t<div id=\"wpforms-5055-field_1-container\" class=\"wpforms-field wpforms-field-name\" data-field-id=\"1\"><label class=\"wpforms-field-label\" for=\"wpforms-5055-field_1\">Name <span class=\"wpforms-required-label\" aria-hidden=\"true\">*<\/span><\/label><input type=\"text\" id=\"wpforms-5055-field_1\" class=\"wpforms-field-medium wpforms-field-required\" name=\"wpforms[fields][1]\" aria-errormessage=\"wpforms-5055-field_1-error\" required><\/div><div id=\"wpforms-5055-field_2-container\" class=\"wpforms-field wpforms-field-email\" data-field-id=\"2\"><label class=\"wpforms-field-label\" for=\"wpforms-5055-field_2\">E-mail <span class=\"wpforms-required-label\" aria-hidden=\"true\">*<\/span><\/label><input type=\"email\" id=\"wpforms-5055-field_2\" class=\"wpforms-field-medium wpforms-field-required\" name=\"wpforms[fields][2]\" spellcheck=\"false\" aria-errormessage=\"wpforms-5055-field_2-error\" required><\/div><div id=\"wpforms-5055-field_3-container\" class=\"wpforms-field wpforms-field-textarea\" data-field-id=\"3\"><label class=\"wpforms-field-label\" for=\"wpforms-5055-field_3\">Comment or Message<\/label><textarea id=\"wpforms-5055-field_3\" class=\"wpforms-field-medium\" name=\"wpforms[fields][3]\" aria-errormessage=\"wpforms-5055-field_3-error\" ><\/textarea><\/div><script>\n\t\t\t\t( function() {\n\t\t\t\t\tconst style = document.createElement( 'style' );\n\t\t\t\t\tstyle.appendChild( document.createTextNode( '#wpforms-5055-field_4-container { position: absolute !important; overflow: hidden !important; display: inline !important; height: 1px !important; width: 1px !important; z-index: -1000 !important; padding: 0 !important; } #wpforms-5055-field_4-container input { visibility: hidden; } #wpforms-conversational-form-page #wpforms-5055-field_4-container label { counter-increment: none; }' ) );\n\t\t\t\t\tdocument.head.appendChild( style );\n\t\t\t\t\tdocument.currentScript?.remove();\n\t\t\t\t} )();\n\t\t\t<\/script><\/div><!-- .wpforms-field-container --><div class=\"wpforms-submit-container\" ><input type=\"hidden\" name=\"wpforms[id]\" value=\"5055\"><input type=\"hidden\" name=\"page_title\" value=\"\"><input type=\"hidden\" name=\"page_url\" value=\"https:\/\/ancor.com.tr\/en\/wp-json\/wp\/v2\/pages\/2326\"><input type=\"hidden\" name=\"url_referer\" value=\"\"><button type=\"submit\" name=\"wpforms[submit]\" id=\"wpforms-submit-5055\" class=\"wpforms-submit\" data-alt-text=\"Sending Message...\" data-submit-text=\"Send\" aria-live=\"assertive\" value=\"wpforms-submit\">Send<\/button><img decoding=\"async\" src=\"https:\/\/ancor.com.tr\/en\/wp-content\/plugins\/wpforms-lite\/assets\/images\/submit-spin.svg\" class=\"wpforms-submit-spinner\" style=\"display: none;\" width=\"26\" height=\"26\" alt=\"Loading\"><\/div><\/form><\/div>  <!-- .wpforms-container -->\t\t\t\t<\/div>\n\t\t\t\t<\/div>\n\t\t\t\t\t<\/div>\n\t\t<\/div>\n\t\t\t\t<div class=\"elementor-column elementor-col-50 elementor-top-column elementor-element elementor-element-f6d7840\" data-id=\"f6d7840\" data-element_type=\"column\" data-e-type=\"column\">\n\t\t\t<div class=\"elementor-widget-wrap elementor-element-populated\">\n\t\t\t\t\t\t<div class=\"elementor-element elementor-element-7b28ac6 elementor-widget elementor-widget-dental-care-heading\" data-id=\"7b28ac6\" data-element_type=\"widget\" data-e-type=\"widget\" data-widget_type=\"dental-care-heading.default\">\n\t\t\t\t<div class=\"elementor-widget-container\">\n\t\t\t\t\t<div class=\"stronghold-heading\"><div class=\"heading-title\"><h3 class=\"heading-title-element\">Visit Our Office<\/h3><\/div><div class=\"heading-separator\"><span> <\/span><\/div><\/div>\t\t\t\t<\/div>\n\t\t\t\t<\/div>\n\t\t\t\t<div class=\"elementor-element elementor-element-68f4d9d elementor-widget elementor-widget-google_maps\" data-id=\"68f4d9d\" data-element_type=\"widget\" data-e-type=\"widget\" data-widget_type=\"google_maps.default\">\n\t\t\t\t<div class=\"elementor-widget-container\">\n\t\t\t\t\t\t\t<div class=\"elementor-custom-embed\">\n\t\t\t<iframe loading=\"lazy\"\n\t\t\t\t\tsrc=\"https:\/\/maps.google.com\/maps?q=ancor%20k%C4%B1z%C4%B1lay&#038;t=m&#038;z=13&#038;output=embed&#038;iwloc=near\"\n\t\t\t\t\ttitle=\"ancor k\u0131z\u0131lay\"\n\t\t\t\t\taria-label=\"ancor k\u0131z\u0131lay\"\n\t\t\t><\/iframe>\n\t\t<\/div>\n\t\t\t\t\t\t<\/div>\n\t\t\t\t<\/div>\n\t\t\t\t\t<\/div>\n\t\t<\/div>\n\t\t\t\t\t<\/div>\n\t\t<\/section>\n\t\t\t\t<\/div>\n\t\t","protected":false},"excerpt":{"rendered":"<p>We would love to hear from you Contact with us Adress Cumhuriyet Mah. Sakarya Cad. No:1\/52 Kat:6 (Ali Nazmi \u0130\u015f Han\u0131) K\u0131z\u0131lay-\u00c7ankaya\/ANKARA Working Hours Monday-Friday: 9:00-18:00 Saturday : 9:00-14:00 Sunday: Closed Phone +90 312 431 10 56 +90 532 131 80 03 +90 537 489 58 85 E-mail info@ancor.com.tr Leave us a Message Bu formu [&hellip;]<\/p>\n","protected":false},"author":1,"featured_media":0,"parent":0,"menu_order":0,"comment_status":"closed","ping_status":"closed","template":"","meta":{"footnotes":""},"class_list":["post-2326","page","type-page","status-publish","hentry"],"_links":{"self":[{"href":"https:\/\/ancor.com.tr\/en\/wp-json\/wp\/v2\/pages\/2326","targetHints":{"allow":["GET"]}}],"collection":[{"href":"https:\/\/ancor.com.tr\/en\/wp-json\/wp\/v2\/pages"}],"about":[{"href":"https:\/\/ancor.com.tr\/en\/wp-json\/wp\/v2\/types\/page"}],"author":[{"embeddable":true,"href":"https:\/\/ancor.com.tr\/en\/wp-json\/wp\/v2\/users\/1"}],"replies":[{"embeddable":true,"href":"https:\/\/ancor.com.tr\/en\/wp-json\/wp\/v2\/comments?post=2326"}],"version-history":[{"count":26,"href":"https:\/\/ancor.com.tr\/en\/wp-json\/wp\/v2\/pages\/2326\/revisions"}],"predecessor-version":[{"id":5191,"href":"https:\/\/ancor.com.tr\/en\/wp-json\/wp\/v2\/pages\/2326\/revisions\/5191"}],"wp:attachment":[{"href":"https:\/\/ancor.com.tr\/en\/wp-json\/wp\/v2\/media?parent=2326"}],"curies":[{"name":"wp","href":"https:\/\/api.w.org\/{rel}","templated":true}]}}